{"id":12811,"date":"2026-04-22T11:48:32","date_gmt":"2026-04-22T09:48:32","guid":{"rendered":"https:\/\/grasseesti.ee\/e-pood\/esimene-pesufaas-bilt-hamber-touch-less-snowfoam-pre-wash-1l\/"},"modified":"2026-04-22T11:48:32","modified_gmt":"2026-04-22T09:48:32","slug":"esimene-pesufaas-bilt-hamber-touch-less-snowfoam-pre-wash-1l","status":"publish","type":"product","link":"https:\/\/grasseesti.ee\/ru\/\u044d-\u043c\u0430\u0433\u0430\u0437\u0438\u043d\/esimene-pesufaas-bilt-hamber-touch-less-snowfoam-pre-wash-1l\/","title":{"rendered":"Esimene pesufaas  Bilt-Hamber Touch Less Snowfoam Pre-Wash 1L"},"content":{"rendered":"<p data-start=\"0\" data-end=\"26\"><strong data-start=\"0\" data-end=\"26\">Bilt-Hamber Touch Less<\/strong><\/p>\n<p data-start=\"28\" data-end=\"328\">Bilt-Hamber Touch Less on uus keskkonnas\u00f5bralik snow foam t\u00fc\u00fcpi eelpesuvahend, mida saab kasutada pihustuspudeli, pump-pritsi v\u00f5i vahup\u00fcstoliga. See biolagunev, suhkru baasil valmistatud vaht, mida kasutatakse PIR kontsentratsiooniga 0,5% kuni 2%, tagab t\u00f5eliselt t\u00f5husa s\u00f5iduki v\u00e4rvipinna puhastuse.<\/p>\n<p data-start=\"330\" data-end=\"669\">Erinevalt naftakeemilistel komponentidel p\u00f5hinevatest puhastusvahenditest loputub TouchLess kergesti maha, muutes k\u00e4sipesu lihtsamaks ja parandades m\u00e4rgatavalt kaitsekihtide nakkumist p\u00e4rast pesu. Lisaks sisaldab toode korrosiooni inhibiitoreid, kuid ei sisalda fosfaate, lahusteid, NTA-d ega kaustilist soodat. Saadaval 1L ja 5L pakendis.<\/p>\n<h3 data-section-id=\"1d565eo\" data-start=\"676\" data-end=\"700\">Biolagunev snow foam<\/h3>\n<p data-start=\"702\" data-end=\"1021\">Bilt-Hamber TouchLess on kvaliteetne kontaktivaba eelpesuvahend, mis on loodud detaileritele, kes hindavad ohutut ja t\u00f5husat puhastust ilma v\u00e4rvipinda kahjustamata. See lahustab teekatte mustuse enne p\u00f5hipesu, v\u00e4hendades kriimustuste ja hologrammide tekkeriski ning valmistades pinna ette kaitsevahendi pealekandmiseks.<\/p>\n<p data-start=\"1023\" data-end=\"1271\">Biolagunev valem suhkru baasil sisaldab t\u00f5husaid pindaktiivseid aineid, mis tagavad suurep\u00e4rase puhastustulemuse ilma agressiivsete lahustite, fosfaatide, NTA v\u00f5i kaustilise soodata. Ohutu k\u00f5ikidele auto v\u00e4lispindadele: v\u00e4rv, plast, metall ja kumm.<\/p>\n<h3 data-section-id=\"1s0ig86\" data-start=\"1278\" data-end=\"1290\">Omadused<\/h3>\n<ul data-start=\"1292\" data-end=\"1610\">\n<li data-section-id=\"f6olu2\" data-start=\"1292\" data-end=\"1316\">Kontaktivaba eelpesu<\/li>\n<li data-section-id=\"1k5bp9r\" data-start=\"1317\" data-end=\"1352\">Biolagunev ja keskkonnas\u00f5bralik<\/li>\n<li data-section-id=\"1q9vg9q\" data-start=\"1353\" data-end=\"1370\">Suhkru baasil<\/li>\n<li data-section-id=\"159uy3b\" data-start=\"1371\" data-end=\"1407\">Sobib pihustile ja vahup\u00fcstolile<\/li>\n<li data-section-id=\"18j0lxb\" data-start=\"1408\" data-end=\"1442\">Tugev, kuid ohutu v\u00e4rvipinnale<\/li>\n<li data-section-id=\"1en6waw\" data-start=\"1443\" data-end=\"1474\">Sisaldab korrosioonikaitset<\/li>\n<li data-section-id=\"xwx8ve\" data-start=\"1475\" data-end=\"1519\">\u00d6konoomne kasutus, v\u00e4ga kontsentreeritud<\/li>\n<li data-section-id=\"1bw13mm\" data-start=\"1520\" data-end=\"1581\">Ei sisalda fosfaate, lahusteid, NTA ega kaustilist soodat<\/li>\n<li data-section-id=\"d7wbil\" data-start=\"1582\" data-end=\"1598\">Meeldiv l\u00f5hn<\/li>\n<li data-section-id=\"ixc4pj\" data-start=\"1599\" data-end=\"1610\">pH: ~12<\/li>\n<\/ul>\n<h3 data-section-id=\"11ej59c\" data-start=\"1617\" data-end=\"1634\">Kasutusjuhend<\/h3>\n<p data-start=\"1636\" data-end=\"1799\">TouchLess\u2019i saab kasutada pihustuspudeli, pump-pritsi v\u00f5i vahup\u00fcstoliga. Soovitatav lahjendus on 0,5% kuni 2% PIR (Panel Impact Ratio), s\u00f5ltuvalt mustuse tasemest.<\/p>\n<p data-start=\"1801\" data-end=\"1853\">Survepesuri kasutamisel on oluline m\u00e4\u00e4rata vee kulu.<\/p>\n<p data-start=\"1855\" data-end=\"1870\"><strong data-start=\"1855\" data-end=\"1870\">Kasutamine:<\/strong><\/p>\n<ol data-start=\"1872\" data-end=\"2355\">\n<li data-section-id=\"2dyqv0\" data-start=\"1872\" data-end=\"1909\">T\u00e4ida mahuti puhta veega \u00e4\u00e4reni.<\/li>\n<li data-section-id=\"1psjjqc\" data-start=\"1910\" data-end=\"1952\">Ava pesuaine pealevool maksimaalselt.<\/li>\n<li data-section-id=\"16ssh3h\" data-start=\"1953\" data-end=\"2010\">Pritsi vedelik suurde anumasse, kuni mahuti on t\u00fchi.<\/li>\n<li data-section-id=\"1iutl8m\" data-start=\"2011\" data-end=\"2045\">M\u00f5\u00f5da kogutud vedeliku kogus.<\/li>\n<li data-section-id=\"dzqhk5\" data-start=\"2046\" data-end=\"2126\">2% lahuse jaoks korruta kogus 0,02-ga \u2014 see on vajalik kogus kontsentraati.<\/li>\n<li data-section-id=\"l8xdlw\" data-start=\"2127\" data-end=\"2196\">Lisa arvutatud kogus TouchLess\u2019i mahutisse ja t\u00e4ida k\u00fclma veega.<\/li>\n<li data-section-id=\"qyl4af\" data-start=\"2197\" data-end=\"2217\">Raputa kergelt.<\/li>\n<li data-section-id=\"vfzla3\" data-start=\"2218\" data-end=\"2277\">Kanna toode s\u00f5idukile (kas tervikuna v\u00f5i osade kaupa).<\/li>\n<li data-section-id=\"4azail\" data-start=\"2278\" data-end=\"2327\">Lase toimida 1\u20135 minutit (\u00e4ra lase kuivada).<\/li>\n<li data-section-id=\"1ooo50e\" data-start=\"2328\" data-end=\"2355\">Loputa survepesuriga.<\/li>\n<\/ol>\n<h3 data-section-id=\"1sp2jf5\" data-start=\"2362\" data-end=\"2374\">M\u00e4rkused<\/h3>\n<ul data-start=\"2376\" data-end=\"2558\">\n<li data-section-id=\"1bazzn4\" data-start=\"2376\" data-end=\"2458\">Lahjendatud toodet ei pea \u00fche korraga \u00e4ra kasutama \u2014 1L piisab 4\u20135 pesukorraks<\/li>\n<li data-section-id=\"4sminc\" data-start=\"2459\" data-end=\"2494\">Kasuta jahedal pinnal ja varjus<\/li>\n<li data-section-id=\"1obw8lk\" data-start=\"2495\" data-end=\"2522\">\u00c4ra lase tootel kuivada<\/li>\n<li data-section-id=\"1gxwwvj\" data-start=\"2523\" data-end=\"2558\">Hoia pudeli kael ja kork puhtad<\/li>\n<\/ul>\n","protected":false},"excerpt":{"rendered":"<p>Bilt-Hamber Touch Less Bilt-Hamber Touch Less on uus keskkonnas\u00f5bralik snow foam t\u00fc\u00fcpi eelpesuvahend, mida saab kasutada pihustuspudeli, pump-pritsi v\u00f5i vahup\u00fcstoliga. See biolagunev, suhkru baasil valmistatud vaht, mida kasutatakse PIR kontsentratsiooniga 0,5% kuni 2%, tagab t\u00f5eliselt t\u00f5husa s\u00f5iduki v\u00e4rvipinna puhastuse. Erinevalt naftakeemilistel komponentidel p\u00f5hinevatest puhastusvahenditest loputub TouchLess kergesti maha, muutes k\u00e4sipesu lihtsamaks ja parandades m\u00e4rgatavalt kaitsekihtide [&#8230;]\n","protected":false},"featured_media":12810,"comment_status":"open","ping_status":"closed","template":"","meta":[],"product_brand":[],"product_cat":[518,532,549,558],"product_tag":[],"class_list":{"0":"post-12811","1":"product","2":"type-product","3":"status-publish","4":"has-post-thumbnail","6":"product_cat-518","7":"product_cat-532","8":"product_cat-549","9":"product_cat------ru","11":"first","12":"instock","13":"taxable","14":"shipping-taxable","15":"purchasable","16":"product-type-simple"},"jetpack_sharing_enabled":true,"_links":{"self":[{"href":"https:\/\/grasseesti.ee\/ru\/wp-json\/wp\/v2\/product\/12811","targetHints":{"allow":["GET"]}}],"collection":[{"href":"https:\/\/grasseesti.ee\/ru\/wp-json\/wp\/v2\/product"}],"about":[{"href":"https:\/\/grasseesti.ee\/ru\/wp-json\/wp\/v2\/types\/product"}],"replies":[{"embeddable":true,"href":"https:\/\/grasseesti.ee\/ru\/wp-json\/wp\/v2\/comments?post=12811"}],"wp:featuredmedia":[{"embeddable":true,"href":"https:\/\/grasseesti.ee\/ru\/wp-json\/wp\/v2\/media\/12810"}],"wp:attachment":[{"href":"https:\/\/grasseesti.ee\/ru\/wp-json\/wp\/v2\/media?parent=12811"}],"wp:term":[{"taxonomy":"product_brand","embeddable":true,"href":"https:\/\/grasseesti.ee\/ru\/wp-json\/wp\/v2\/product_brand?post=12811"},{"taxonomy":"product_cat","embeddable":true,"href":"https:\/\/grasseesti.ee\/ru\/wp-json\/wp\/v2\/product_cat?post=12811"},{"taxonomy":"product_tag","embeddable":true,"href":"https:\/\/grasseesti.ee\/ru\/wp-json\/wp\/v2\/product_tag?post=12811"}],"curies":[{"name":"wp","href":"https:\/\/api.w.org\/{rel}","templated":true}]}}