{"id":12679,"date":"2026-04-10T11:55:34","date_gmt":"2026-04-10T09:55:34","guid":{"rendered":"https:\/\/grasseesti.ee\/e-pood\/keraamiline-vedelvaha-badboys-ceramic-hydro-wax-500-ml\/"},"modified":"2026-04-10T15:26:16","modified_gmt":"2026-04-10T13:26:16","slug":"keraamiline-vedelvaha-badboys-ceramic-hydro-wax-500-ml","status":"publish","type":"product","link":"https:\/\/grasseesti.ee\/ru\/\u044d-\u043c\u0430\u0433\u0430\u0437\u0438\u043d\/keraamiline-vedelvaha-badboys-ceramic-hydro-wax-500-ml\/","title":{"rendered":"Keraamiline vedelvaha BadBoys Ceramic Hydro Wax, 500 ml"},"content":{"rendered":"<p data-start=\"1224\" data-end=\"1305\"><strong data-start=\"1224\" data-end=\"1253\">BadBoys Ceramic Hydro Wax<\/strong><br data-start=\"1253\" data-end=\"1256\" \/><strong data-start=\"1256\" data-end=\"1305\">Kasutusvalmis m\u00e4rjale pinnale pealekandmiseks<\/strong><\/p>\n<p data-start=\"1307\" data-end=\"1691\">BadBoys Ceramic Hydro Wax on k\u00f5rgkontsentreeritud vaha, mis sobib k\u00f5ikidele autov\u00e4rvi t\u00fc\u00fcpidele ja v\u00e4rvitoonidele. Ohutu eelnevalt peale kantud kaitsekatetele. Toode kaitseb pinda, h\u00f5lbustab kuivatamist, suurendab l\u00e4iget, annab libeduse ning j\u00e4tab h\u00fcdrofoobse efekti. Lisaks on sellel meeldiv maskuliinne l\u00f5hn. Vaha on eriti soovitatav kasutamiseks nii automaat- kui ka k\u00e4sipesulates.<\/p>\n<p data-start=\"1693\" data-end=\"1708\"><strong data-start=\"1693\" data-end=\"1708\">Kasutamine:<\/strong><\/p>\n<ul data-start=\"1710\" data-end=\"1981\">\n<li data-section-id=\"1sn50io\" data-start=\"1710\" data-end=\"1784\">Tugeva h\u00fcdrofoobse efekti saavutamiseks lahjendada vahekorras\u00a0<strong data-start=\"1774\" data-end=\"1783\">1:100<\/strong>.<\/li>\n<li data-section-id=\"18gp511\" data-start=\"1785\" data-end=\"1857\">Kuivatamise eesm\u00e4rgil v\u00f5ib lahjendada vahekorras\u00a0<strong data-start=\"1836\" data-end=\"1856\">1:200 kuni 1:500<\/strong>.<\/li>\n<li data-section-id=\"16dnf0f\" data-start=\"1858\" data-end=\"1915\">Kandke m\u00e4rjale v\u00e4rvipinnale k\u00e4sna v\u00f5i aplikaatori abil.<\/li>\n<li data-section-id=\"k02xkk\" data-start=\"1916\" data-end=\"1981\">Jaotage \u00fchtlaselt, seej\u00e4rel loputage veega ja kuivatage s\u00f5iduk.<\/li>\n<\/ul>\n<p data-start=\"1983\" data-end=\"1998\"><strong data-start=\"1983\" data-end=\"1998\">Soovitused:<\/strong><\/p>\n<p data-start=\"2000\" data-end=\"2211\">Hoida kuivas ja jahedas kohas temperatuuril\u00a0<strong data-start=\"2044\" data-end=\"2055\">5\u201325 \u00b0C<\/strong>, v\u00e4ltides k\u00fclmumist ja \u00fclekuumenemist. Enne kasutamist loksutada ning testida esmalt v\u00e4ikesel, v\u00e4hem\u00e4rgataval alal. Mitte lasta tootel v\u00e4rvipinnal kuivada.<\/p>\n","protected":false},"excerpt":{"rendered":"<p>BadBoys Ceramic Hydro WaxKasutusvalmis m\u00e4rjale pinnale pealekandmiseks BadBoys Ceramic Hydro Wax on k\u00f5rgkontsentreeritud vaha, mis sobib k\u00f5ikidele autov\u00e4rvi t\u00fc\u00fcpidele ja v\u00e4rvitoonidele. Ohutu eelnevalt peale kantud kaitsekatetele. Toode kaitseb pinda, h\u00f5lbustab kuivatamist, suurendab l\u00e4iget, annab libeduse ning j\u00e4tab h\u00fcdrofoobse efekti. Lisaks on sellel meeldiv maskuliinne l\u00f5hn. Vaha on eriti soovitatav kasutamiseks nii automaat- kui ka k\u00e4sipesulates. [&#8230;]\n","protected":false},"featured_media":12678,"comment_status":"open","ping_status":"closed","template":"","meta":[],"product_brand":[],"product_cat":[518,532,549],"product_tag":[],"class_list":{"0":"post-12679","1":"product","2":"type-product","3":"status-publish","4":"has-post-thumbnail","6":"product_cat-518","7":"product_cat-532","8":"product_cat-549","10":"first","11":"instock","12":"taxable","13":"shipping-taxable","14":"purchasable","15":"product-type-simple"},"jetpack_sharing_enabled":true,"_links":{"self":[{"href":"https:\/\/grasseesti.ee\/ru\/wp-json\/wp\/v2\/product\/12679","targetHints":{"allow":["GET"]}}],"collection":[{"href":"https:\/\/grasseesti.ee\/ru\/wp-json\/wp\/v2\/product"}],"about":[{"href":"https:\/\/grasseesti.ee\/ru\/wp-json\/wp\/v2\/types\/product"}],"replies":[{"embeddable":true,"href":"https:\/\/grasseesti.ee\/ru\/wp-json\/wp\/v2\/comments?post=12679"}],"wp:featuredmedia":[{"embeddable":true,"href":"https:\/\/grasseesti.ee\/ru\/wp-json\/wp\/v2\/media\/12678"}],"wp:attachment":[{"href":"https:\/\/grasseesti.ee\/ru\/wp-json\/wp\/v2\/media?parent=12679"}],"wp:term":[{"taxonomy":"product_brand","embeddable":true,"href":"https:\/\/grasseesti.ee\/ru\/wp-json\/wp\/v2\/product_brand?post=12679"},{"taxonomy":"product_cat","embeddable":true,"href":"https:\/\/grasseesti.ee\/ru\/wp-json\/wp\/v2\/product_cat?post=12679"},{"taxonomy":"product_tag","embeddable":true,"href":"https:\/\/grasseesti.ee\/ru\/wp-json\/wp\/v2\/product_tag?post=12679"}],"curies":[{"name":"wp","href":"https:\/\/api.w.org\/{rel}","templated":true}]}}