{"id":12652,"date":"2026-04-07T16:16:35","date_gmt":"2026-04-07T14:16:35","guid":{"rendered":"https:\/\/grasseesti.ee\/e-pood\/autopesu-amber-liivafiltri-ja-kaanega-red-bucket-20l\/"},"modified":"2026-04-08T08:09:54","modified_gmt":"2026-04-08T06:09:54","slug":"autopesu-amber-liivafiltri-ja-kaanega-red-bucket-20l","status":"publish","type":"product","link":"https:\/\/grasseesti.ee\/ru\/\u044d-\u043c\u0430\u0433\u0430\u0437\u0438\u043d\/autopesu-amber-liivafiltri-ja-kaanega-red-bucket-20l\/","title":{"rendered":"Autopesu \u00e4mber liivafiltri ja kaanega Red Bucket 20L"},"content":{"rendered":"<p>Meie Detailing \u00e4mbri s\u00fcsteem on uusim t\u00e4iendus meie pidevalt kasvavas autohooldustoodete valikus.<\/p>\n<p>K\u00f5ik selle s\u00fcsteemi komponendid on loodud t\u00f6\u00f6tama t\u00e4iuslikus koosk\u00f5las, tagades maksimaalse j\u00f5udluse.<\/p>\n<p>Valmistatud vastupidavast PP-plastikust ja varustatud roostevabast terasest k\u00e4epidemega, mis teeb selle kasutamise ja kandmise lihtsaks.<\/p>\n<p>Iga \u00e4mber on varustatud veekindla Gamma Seal kaanega vedelike transportimiseks ning p\u00f5hjas asetseva Grit Guard sisuga, mis hoiab mustuse p\u00f5hjas ja kaitseb puhastatavat pinda kriimustuste eest.<\/p>\n<p>Iga \u00e4mbri s\u00fcsteem sisaldab:<\/p>\n<p>* 20L vastupidav \u00e4mber (siiditr\u00fckis logoga)<\/p>\n<p>* Gamma Seal (keeratav kaas)<\/p>\n<p>* Grit Guard sisulisand<\/p>\n<p>&nbsp;<\/p>\n","protected":false},"excerpt":{"rendered":"<p>Meie Detailing \u00e4mbri s\u00fcsteem on uusim t\u00e4iendus meie pidevalt kasvavas autohooldustoodete valikus. K\u00f5ik selle s\u00fcsteemi komponendid on loodud t\u00f6\u00f6tama t\u00e4iuslikus koosk\u00f5las, tagades maksimaalse j\u00f5udluse. Valmistatud vastupidavast PP-plastikust ja varustatud roostevabast terasest k\u00e4epidemega, mis teeb selle kasutamise ja kandmise lihtsaks. Iga \u00e4mber on varustatud veekindla Gamma Seal kaanega vedelike transportimiseks ning p\u00f5hjas asetseva Grit Guard sisuga, [&#8230;]\n","protected":false},"featured_media":12642,"comment_status":"open","ping_status":"closed","template":"","meta":[],"product_brand":[],"product_cat":[518,532,549],"product_tag":[],"class_list":{"0":"post-12652","1":"product","2":"type-product","3":"status-publish","4":"has-post-thumbnail","6":"product_cat-518","7":"product_cat-532","8":"product_cat-549","10":"first","11":"instock","12":"taxable","13":"shipping-taxable","14":"purchasable","15":"product-type-variable"},"jetpack_sharing_enabled":true,"_links":{"self":[{"href":"https:\/\/grasseesti.ee\/ru\/wp-json\/wp\/v2\/product\/12652","targetHints":{"allow":["GET"]}}],"collection":[{"href":"https:\/\/grasseesti.ee\/ru\/wp-json\/wp\/v2\/product"}],"about":[{"href":"https:\/\/grasseesti.ee\/ru\/wp-json\/wp\/v2\/types\/product"}],"replies":[{"embeddable":true,"href":"https:\/\/grasseesti.ee\/ru\/wp-json\/wp\/v2\/comments?post=12652"}],"wp:featuredmedia":[{"embeddable":true,"href":"https:\/\/grasseesti.ee\/ru\/wp-json\/wp\/v2\/media\/12642"}],"wp:attachment":[{"href":"https:\/\/grasseesti.ee\/ru\/wp-json\/wp\/v2\/media?parent=12652"}],"wp:term":[{"taxonomy":"product_brand","embeddable":true,"href":"https:\/\/grasseesti.ee\/ru\/wp-json\/wp\/v2\/product_brand?post=12652"},{"taxonomy":"product_cat","embeddable":true,"href":"https:\/\/grasseesti.ee\/ru\/wp-json\/wp\/v2\/product_cat?post=12652"},{"taxonomy":"product_tag","embeddable":true,"href":"https:\/\/grasseesti.ee\/ru\/wp-json\/wp\/v2\/product_tag?post=12652"}],"curies":[{"name":"wp","href":"https:\/\/api.w.org\/{rel}","templated":true}]}}