{"id":11404,"date":"2025-09-05T08:53:21","date_gmt":"2025-09-05T06:53:21","guid":{"rendered":"https:\/\/grasseesti.ee\/e-pood\/happeline-kasipesu-sampoon-cleanse-acidic-shampoo\/"},"modified":"2025-09-05T12:20:11","modified_gmt":"2025-09-05T10:20:11","slug":"happeline-kasipesu-sampoon-cleanse-acidic-shampoo","status":"publish","type":"product","link":"https:\/\/grasseesti.ee\/ru\/\u044d-\u043c\u0430\u0433\u0430\u0437\u0438\u043d\/happeline-kasipesu-sampoon-cleanse-acidic-shampoo\/","title":{"rendered":"Happeline k\u00e4sipesu \u0161ampoon Cleanse | Acidic Shampoo"},"content":{"rendered":"<div class=\"wp-block-column is-vertically-aligned-center blockdescriptioninner is-layout-flow wp-block-column-is-layout-flow\">\n<p data-start=\"43\" data-end=\"316\"><strong data-start=\"43\" data-end=\"54\">Cleanse<\/strong>\u00a0on murranguline happeline \u0161ampoon, mis vabastab uue taseme puhastusj\u00f5u nii kaitstud kui ka kaitsmata pindadel! See on spetsiaalselt loodud keraamilise kaitse, vaha v\u00f5i tihendiga kaetud pindade h\u00fcdrofoobsete omaduste taastamiseks ja \u201cummistuste\u201d eemaldamiseks.<\/p>\n<p data-start=\"318\" data-end=\"657\"><strong data-start=\"318\" data-end=\"329\">Cleanse<\/strong>\u00a0eemaldab vaevata liiklusfilmi, veej\u00e4ljed, rasva ja mustuse, pakkudes samal ajal suurep\u00e4rast libisemist ja ohutut pesu. T\u00e4nu k\u00f5rgele kontsentratsioonile tagab see maksimaalse tulemuse \u00f6konoomse kasutusega ning s\u00e4rava l\u00f5pptulemuse iga kord. Toode ei sisalda agressiivseid koostisosi, mist\u00f5ttu on see ohutu k\u00f5igil v\u00e4lispindadel.<\/p>\n<h3 data-start=\"659\" data-end=\"682\">Peamised eelised:<\/h3>\n<ul data-start=\"683\" data-end=\"1010\">\n<li data-start=\"683\" data-end=\"699\">\n<p data-start=\"685\" data-end=\"699\">Happeline pH<\/p>\n<\/li>\n<li data-start=\"700\" data-end=\"741\">\n<p data-start=\"702\" data-end=\"741\">Ideaalne auto kaitsekihi taastamiseks<\/p>\n<\/li>\n<li data-start=\"742\" data-end=\"787\">\n<p data-start=\"744\" data-end=\"787\">Sobib t\u00f6\u00f6tlemata pindade s\u00fcgavpuhastuseks<\/p>\n<\/li>\n<li data-start=\"788\" data-end=\"837\">\n<p data-start=\"790\" data-end=\"837\">Eemaldab kergesti mustuse, rasva ja veej\u00e4ljed<\/p>\n<\/li>\n<li data-start=\"838\" data-end=\"894\">\n<p data-start=\"840\" data-end=\"894\">Ei sisalda silikoone ega vaha, rikkalik puhastusj\u00f5ud<\/p>\n<\/li>\n<li data-start=\"895\" data-end=\"934\">\n<p data-start=\"897\" data-end=\"934\">Suurep\u00e4rane vahutavus ja libisemine<\/p>\n<\/li>\n<li data-start=\"935\" data-end=\"954\">\n<p data-start=\"937\" data-end=\"954\">100% biolagunev<\/p>\n<\/li>\n<li data-start=\"955\" data-end=\"986\">\n<p data-start=\"957\" data-end=\"986\">V\u00e4ga kontsentreeritud valem<\/p>\n<\/li>\n<li data-start=\"987\" data-end=\"1010\">\n<p data-start=\"989\" data-end=\"1010\">V\u00e4rske tsitrusel\u00f5hn<\/p>\n<\/li>\n<\/ul>\n<h3 data-start=\"1012\" data-end=\"1031\">Lahjendamine:<\/h3>\n<ul data-start=\"1032\" data-end=\"1201\">\n<li data-start=\"1032\" data-end=\"1088\">\n<p data-start=\"1034\" data-end=\"1088\"><strong data-start=\"1034\" data-end=\"1050\">Hoolduspesu:<\/strong>\u00a040 ml toodet 20 L vee kohta (1:500)<\/p>\n<\/li>\n<li data-start=\"1089\" data-end=\"1140\">\n<p data-start=\"1091\" data-end=\"1140\"><strong data-start=\"1091\" data-end=\"1109\">S\u00fcgavpuhastus:<\/strong>\u00a080 ml 20 L vee kohta (1:250)<\/p>\n<\/li>\n<li data-start=\"1141\" data-end=\"1201\">\n<p data-start=\"1143\" data-end=\"1201\"><strong data-start=\"1143\" data-end=\"1169\">Lumetahm (vahup\u00fcstol):<\/strong>\u00a050\u2013100 ml paagit\u00e4ie vee kohta<\/p>\n<\/li>\n<\/ul>\n<h3 data-start=\"1203\" data-end=\"1225\">Kasutamisjuhend:<\/h3>\n<ol data-start=\"1226\" data-end=\"1613\">\n<li data-start=\"1226\" data-end=\"1272\">\n<p data-start=\"1229\" data-end=\"1272\">Pese enne kere pesemist veljed ja rehvid.<\/p>\n<\/li>\n<li data-start=\"1273\" data-end=\"1340\">\n<p data-start=\"1276\" data-end=\"1340\">Loputa autot p\u00f5hjalikult, et eemaldada lahtine mustus ja liiv.<\/p>\n<\/li>\n<li data-start=\"1341\" data-end=\"1456\">\n<p data-start=\"1344\" data-end=\"1456\">Alusta pesemist auto katuselt, liikudes allapoole. \u00c4ra lase \u0161ampoonil pinnale kuivada, loputa hoolikalt veega.<\/p>\n<\/li>\n<li data-start=\"1457\" data-end=\"1558\">\n<p data-start=\"1460\" data-end=\"1558\">Soovitame v\u00e4ltida pesemist otsese p\u00e4ikese k\u00e4es, et sul oleks piisavalt aega tootega t\u00f6\u00f6tamiseks.<\/p>\n<\/li>\n<li data-start=\"1559\" data-end=\"1613\">\n<p data-start=\"1562\" data-end=\"1613\">\u00c4ra kasuta kuumal pinnal ega lase tootel kuivada.<\/p>\n<\/li>\n<\/ol>\n<\/div>\n","protected":false},"excerpt":{"rendered":"<p>Cleanse\u00a0on murranguline happeline \u0161ampoon, mis vabastab uue taseme puhastusj\u00f5u nii kaitstud kui ka kaitsmata pindadel! See on spetsiaalselt loodud keraamilise kaitse, vaha v\u00f5i tihendiga kaetud pindade h\u00fcdrofoobsete omaduste taastamiseks ja \u201cummistuste\u201d eemaldamiseks. Cleanse\u00a0eemaldab vaevata liiklusfilmi, veej\u00e4ljed, rasva ja mustuse, pakkudes samal ajal suurep\u00e4rast libisemist ja ohutut pesu. T\u00e4nu k\u00f5rgele kontsentratsioonile tagab see maksimaalse tulemuse \u00f6konoomse [&#8230;]\n","protected":false},"featured_media":11390,"comment_status":"open","ping_status":"closed","template":"","meta":[],"product_brand":[],"product_cat":[579],"product_tag":[],"class_list":{"0":"post-11404","1":"product","2":"type-product","3":"status-publish","4":"has-post-thumbnail","6":"product_cat-579","8":"first","9":"instock","10":"taxable","11":"shipping-taxable","12":"purchasable","13":"product-type-simple"},"jetpack_sharing_enabled":true,"_links":{"self":[{"href":"https:\/\/grasseesti.ee\/ru\/wp-json\/wp\/v2\/product\/11404","targetHints":{"allow":["GET"]}}],"collection":[{"href":"https:\/\/grasseesti.ee\/ru\/wp-json\/wp\/v2\/product"}],"about":[{"href":"https:\/\/grasseesti.ee\/ru\/wp-json\/wp\/v2\/types\/product"}],"replies":[{"embeddable":true,"href":"https:\/\/grasseesti.ee\/ru\/wp-json\/wp\/v2\/comments?post=11404"}],"wp:featuredmedia":[{"embeddable":true,"href":"https:\/\/grasseesti.ee\/ru\/wp-json\/wp\/v2\/media\/11390"}],"wp:attachment":[{"href":"https:\/\/grasseesti.ee\/ru\/wp-json\/wp\/v2\/media?parent=11404"}],"wp:term":[{"taxonomy":"product_brand","embeddable":true,"href":"https:\/\/grasseesti.ee\/ru\/wp-json\/wp\/v2\/product_brand?post=11404"},{"taxonomy":"product_cat","embeddable":true,"href":"https:\/\/grasseesti.ee\/ru\/wp-json\/wp\/v2\/product_cat?post=11404"},{"taxonomy":"product_tag","embeddable":true,"href":"https:\/\/grasseesti.ee\/ru\/wp-json\/wp\/v2\/product_tag?post=11404"}],"curies":[{"name":"wp","href":"https:\/\/api.w.org\/{rel}","templated":true}]}}