{"id":10603,"date":"2025-03-14T22:55:43","date_gmt":"2025-03-14T20:55:43","guid":{"rendered":"https:\/\/grasseesti.ee\/e-pood\/veljepuhastaja-disk-600-ml-pudel\/"},"modified":"2025-09-03T11:16:34","modified_gmt":"2025-09-03T09:16:34","slug":"veljepuhastaja-disk-600-ml-pudel","status":"publish","type":"product","link":"https:\/\/grasseesti.ee\/ru\/\u044d-\u043c\u0430\u0433\u0430\u0437\u0438\u043d\/veljepuhastaja-disk-600-ml-pudel\/","title":{"rendered":"\u201eDisk\u201d veljepuhastusvahend (600 ml pudel)"},"content":{"rendered":"<p data-start=\"46\" data-end=\"514\"><strong data-start=\"46\" data-end=\"70\">T\u00f5hus puhastusvahend<\/strong> orgaaniliste ja anorgaaniliste hapete segul p\u00f5hinev puhastusvahend, mis on m\u00f5eldud k\u00f5igi happekindlate materjalide, nagu terasest ja v\u00e4rvitud alumiiniumist valuvelgede, samuti kroomitud ja nikeldatud pindade puhastamiseks. Optimaalne koostisosade kombinatsioon v\u00f5imaldab kiiresti ja p\u00f5hjalikult eemaldada piduritolmu, roosteplekid, katlakivi ja muud anorgaanilised saasteained, andes pinnale s\u00e4rava l\u00e4ike. Sisaldab korrosiooni inhibiitoreid.<\/p>\n<p data-start=\"516\" data-end=\"660\"><strong data-start=\"516\" data-end=\"527\">Koostis<\/strong><br data-start=\"527\" data-end=\"530\" \/>\u226530% puhastatud vesi; &lt;5%: orgaaniliste ja anorgaaniliste hapete segu, mitteioonilised pindaktiivsed ained, l\u00f5hnaaine, v\u00e4rvaine.<\/p>\n<p data-start=\"662\" data-end=\"927\"><strong data-start=\"662\" data-end=\"679\">Kasutamisviis<\/strong><br data-start=\"679\" data-end=\"682\" \/>Jahutada pind enne vahendi pealekandmist. Keerata pihusti asendisse \u201eSPRAY\u201c, kanda vahend puhastatavale pinnale, j\u00e4tta m\u00f5juma mitte kauemaks kui 1 minut, v\u00e4ltides pinna kuivamist, seej\u00e4rel loputada veega. Kasutada rangelt vastavalt otstarbele.<\/p>\n","protected":false},"excerpt":{"rendered":"<p>T\u00f5hus puhastusvahend orgaaniliste ja anorgaaniliste hapete segul p\u00f5hinev puhastusvahend, mis on m\u00f5eldud k\u00f5igi happekindlate materjalide, nagu terasest ja v\u00e4rvitud alumiiniumist valuvelgede, samuti kroomitud ja nikeldatud pindade puhastamiseks. Optimaalne koostisosade kombinatsioon v\u00f5imaldab kiiresti ja p\u00f5hjalikult eemaldada piduritolmu, roosteplekid, katlakivi ja muud anorgaanilised saasteained, andes pinnale s\u00e4rava l\u00e4ike. Sisaldab korrosiooni inhibiitoreid. Koostis\u226530% puhastatud vesi; &lt;5%: orgaaniliste ja [&#8230;]\n","protected":false},"featured_media":8507,"comment_status":"open","ping_status":"closed","template":"","meta":[],"product_brand":[],"product_cat":[521,518,531],"product_tag":[],"class_list":{"0":"post-10603","1":"product","2":"type-product","3":"status-publish","4":"has-post-thumbnail","6":"product_cat-disk-ru","7":"product_cat-518","8":"product_cat-531","10":"first","11":"instock","12":"taxable","13":"shipping-taxable","14":"purchasable","15":"product-type-simple"},"jetpack_sharing_enabled":true,"_links":{"self":[{"href":"https:\/\/grasseesti.ee\/ru\/wp-json\/wp\/v2\/product\/10603","targetHints":{"allow":["GET"]}}],"collection":[{"href":"https:\/\/grasseesti.ee\/ru\/wp-json\/wp\/v2\/product"}],"about":[{"href":"https:\/\/grasseesti.ee\/ru\/wp-json\/wp\/v2\/types\/product"}],"replies":[{"embeddable":true,"href":"https:\/\/grasseesti.ee\/ru\/wp-json\/wp\/v2\/comments?post=10603"}],"wp:featuredmedia":[{"embeddable":true,"href":"https:\/\/grasseesti.ee\/ru\/wp-json\/wp\/v2\/media\/8507"}],"wp:attachment":[{"href":"https:\/\/grasseesti.ee\/ru\/wp-json\/wp\/v2\/media?parent=10603"}],"wp:term":[{"taxonomy":"product_brand","embeddable":true,"href":"https:\/\/grasseesti.ee\/ru\/wp-json\/wp\/v2\/product_brand?post=10603"},{"taxonomy":"product_cat","embeddable":true,"href":"https:\/\/grasseesti.ee\/ru\/wp-json\/wp\/v2\/product_cat?post=10603"},{"taxonomy":"product_tag","embeddable":true,"href":"https:\/\/grasseesti.ee\/ru\/wp-json\/wp\/v2\/product_tag?post=10603"}],"curies":[{"name":"wp","href":"https:\/\/api.w.org\/{rel}","templated":true}]}}