{"id":10591,"date":"2025-03-14T22:52:33","date_gmt":"2025-03-14T20:52:33","guid":{"rendered":"https:\/\/grasseesti.ee\/e-pood\/active-foam-extra-1100-aktiivvaht-auto-kontaktivabaks-pesemiseks-1-l\/"},"modified":"2025-06-06T17:09:47","modified_gmt":"2025-06-06T15:09:47","slug":"active-foam-extra-1100-aktiivvaht-auto-kontaktivabaks-pesemiseks-1-l","status":"publish","type":"product","link":"https:\/\/grasseesti.ee\/ru\/\u044d-\u043c\u0430\u0433\u0430\u0437\u0438\u043d\/active-foam-extra-1100-aktiivvaht-auto-kontaktivabaks-pesemiseks-1-l\/","title":{"rendered":"\u0410\u0432\u0442\u043e\u0448\u0430\u043c\u043f\u0443\u043d\u044c, \u0430\u043a\u0442\u0438\u0432\u043d\u0430\u044f \u043f\u0435\u043d\u0430 &#171;Active Foam Extra&#187; (\u043a\u0430\u043d\u0438\u0441\u0442\u0440\u0430 1 \u043b)"},"content":{"rendered":"<p data-start=\"44\" data-end=\"225\"><strong data-start=\"44\" data-end=\"57\">Kirjeldus<\/strong><br data-start=\"57\" data-end=\"60\" \/>Kontsentreeritud leeliseline pesuvahend kergete ja raskeveokite kontaktivabaks pesuks. Eemaldab t\u00f5husalt teetolmu, mustuse, \u00f5li ja putukaj\u00e4ljed. Kergesti mahapestav.<\/p>\n<p data-start=\"227\" data-end=\"394\"><strong data-start=\"227\" data-end=\"238\">Koostis<\/strong><br data-start=\"238\" data-end=\"241\" \/>\u226530% puhastatud vesi, \u22655%, kuid &lt;15% anioonilised pindaktiivsed ained, &lt;5%: mitteioonilised pindaktiivsed ained, EDTA sool, naatriumh\u00fcdroksiid, v\u00e4rvaine.<\/p>\n<p data-start=\"396\" data-end=\"415\"><strong data-start=\"396\" data-end=\"413\">Kasutusjuhend<\/strong><\/p>\n<ol data-start=\"416\" data-end=\"855\">\n<li data-start=\"416\" data-end=\"596\">\n<p data-start=\"419\" data-end=\"596\">Enne kasutamist lahjendada veega vahekorras 1:4\u20131:7 (125\u2013200 g) vahtkomplekti (1 l) v\u00f5i 1:50\u20131:90 (10\u201320 g\/l) vahtgeneraatori (25, 50, 100 l) jaoks, s\u00f5ltuvalt mustuse astmest.<\/p>\n<\/li>\n<li data-start=\"597\" data-end=\"728\">\n<p data-start=\"600\" data-end=\"728\">Vajadusel eemaldada pinnalt pealmine mustuskiht. Jahutada auto kere, seej\u00e4rel kanda lahus pinnale alt \u00fcles, et v\u00e4ltida triipe.<\/p>\n<\/li>\n<li data-start=\"729\" data-end=\"779\">\n<p data-start=\"732\" data-end=\"779\">Lasta m\u00f5juda 1\u20132 minutit, v\u00e4ltides kuivamist!<\/p>\n<\/li>\n<li data-start=\"780\" data-end=\"855\">\n<p data-start=\"783\" data-end=\"855\">Loputada hoolikalt surveveega v\u00e4ikese vahemaa (15\u201320 cm) pealt alt \u00fcles.<\/p>\n<\/li>\n<\/ol>\n","protected":false},"excerpt":{"rendered":"<p>KirjeldusKontsentreeritud leeliseline pesuvahend kergete ja raskeveokite kontaktivabaks pesuks. Eemaldab t\u00f5husalt teetolmu, mustuse, \u00f5li ja putukaj\u00e4ljed. Kergesti mahapestav. Koostis\u226530% puhastatud vesi, \u22655%, kuid &lt;15% anioonilised pindaktiivsed ained, &lt;5%: mitteioonilised pindaktiivsed ained, EDTA sool, naatriumh\u00fcdroksiid, v\u00e4rvaine. Kasutusjuhend Enne kasutamist lahjendada veega vahekorras 1:4\u20131:7 (125\u2013200 g) vahtkomplekti (1 l) v\u00f5i 1:50\u20131:90 (10\u201320 g\/l) vahtgeneraatori (25, 50, 100 l) [&#8230;]\n","protected":false},"featured_media":9853,"comment_status":"open","ping_status":"closed","template":"","meta":[],"product_brand":[],"product_cat":[455,549,558],"product_tag":[],"class_list":{"0":"post-10591","1":"product","2":"type-product","3":"status-publish","4":"has-post-thumbnail","6":"product_cat-autokeemia-igapaevaseks-hoolduseks","7":"product_cat-549","8":"product_cat------ru","10":"first","11":"instock","12":"taxable","13":"shipping-taxable","14":"purchasable","15":"product-type-simple"},"jetpack_sharing_enabled":true,"_links":{"self":[{"href":"https:\/\/grasseesti.ee\/ru\/wp-json\/wp\/v2\/product\/10591","targetHints":{"allow":["GET"]}}],"collection":[{"href":"https:\/\/grasseesti.ee\/ru\/wp-json\/wp\/v2\/product"}],"about":[{"href":"https:\/\/grasseesti.ee\/ru\/wp-json\/wp\/v2\/types\/product"}],"replies":[{"embeddable":true,"href":"https:\/\/grasseesti.ee\/ru\/wp-json\/wp\/v2\/comments?post=10591"}],"wp:featuredmedia":[{"embeddable":true,"href":"https:\/\/grasseesti.ee\/ru\/wp-json\/wp\/v2\/media\/9853"}],"wp:attachment":[{"href":"https:\/\/grasseesti.ee\/ru\/wp-json\/wp\/v2\/media?parent=10591"}],"wp:term":[{"taxonomy":"product_brand","embeddable":true,"href":"https:\/\/grasseesti.ee\/ru\/wp-json\/wp\/v2\/product_brand?post=10591"},{"taxonomy":"product_cat","embeddable":true,"href":"https:\/\/grasseesti.ee\/ru\/wp-json\/wp\/v2\/product_cat?post=10591"},{"taxonomy":"product_tag","embeddable":true,"href":"https:\/\/grasseesti.ee\/ru\/wp-json\/wp\/v2\/product_tag?post=10591"}],"curies":[{"name":"wp","href":"https:\/\/api.w.org\/{rel}","templated":true}]}}