{"id":10487,"date":"2025-03-14T22:55:22","date_gmt":"2025-03-14T20:55:22","guid":{"rendered":"https:\/\/grasseesti.ee\/e-pood\/savi-savi-200gr\/"},"modified":"2025-06-03T16:54:39","modified_gmt":"2025-06-03T14:54:39","slug":"savi-savi-200gr","status":"publish","type":"product","link":"https:\/\/grasseesti.ee\/ru\/\u044d-\u043c\u0430\u0433\u0430\u0437\u0438\u043d\/savi-savi-200gr\/","title":{"rendered":"\u0413\u041b\u0418\u041d\u0410 \u00abCLAY\u00bb 200\u0413\u0420"},"content":{"rendered":"<article class=\"text-token-text-primary w-full\" dir=\"auto\" data-testid=\"conversation-turn-529\" data-scroll-anchor=\"true\">\n<div class=\"text-base my-auto mx-auto py-5 px-6\">\n<div class=\"mx-auto flex flex-1 text-base gap-4 md:gap-5 lg:gap-6 md:max-w-3xl lg:max-w-[40rem] xl:max-w-[48rem] group\/turn-messages focus-visible:outline-hidden\" tabindex=\"-1\">\n<div class=\"group\/conversation-turn relative flex w-full min-w-0 flex-col agent-turn @xs\/thread:px-0 @sm\/thread:px-1.5 @md\/thread:px-4\">\n<div class=\"relative flex-col gap-1 md:gap-3\">\n<div class=\"flex max-w-full flex-col grow\">\n<div class=\"min-h-8 text-message relative flex w-full flex-col items-end gap-2 text-start break-words whitespace-normal [.text-message+&amp;]:mt-5\" dir=\"auto\" data-message-author-role=\"assistant\" data-message-id=\"f5c875ca-32ba-4af0-b3f0-9828d94d4329\" data-message-model-slug=\"gpt-4o-mini\">\n<div class=\"flex w-full flex-col gap-1 empty:hidden first:pt-[3px]\">\n<div class=\"markdown prose dark:prose-invert w-full break-words dark\">\n<p class=\"\" data-start=\"1371\" data-end=\"1453\">1. \u0421\u0434\u0435\u043b\u0430\u0439\u0442\u0435 \u0434\u0432\u0443\u0445\u0444\u0430\u0437\u043d\u0443\u044e \u043c\u043e\u0439\u043a\u0443 \u043a\u0443\u0437\u043e\u0432\u0430 \u0430\u0432\u0442\u043e\u043c\u043e\u0431\u0438\u043b\u044f \u043f\u0440\u0438 \u043f\u043e\u043c\u043e\u0449\u0438 \u0441\u043e\u0441\u0442\u0430\u0432\u0430 \u0434\u043b\u044f \u043f\u0440\u0435\u0434\u0432\u0430\u0440\u0438\u0442\u0435\u043b\u044c\u043d\u043e\u0439 \u043c\u043e\u0439\u043a\u0438 (Active Safe (AS) \u0438\u043b\u0438 Ultra Safe (US)) \u0438 \u0448\u0430\u043c\u043f\u0443\u043d\u044f \u0434\u043b\u044f \u0440\u0443\u0447\u043d\u043e\u0439 \u043c\u043e\u0439\u043a\u0438 (Second Phase (SP) \u0438\u043b\u0438 Acid Shampoo (AD)), \u0430 \u0437\u0430\u0442\u0435\u043c \u043e\u0447\u0438\u0441\u0442\u0438\u0442\u0435\u043a\u0443\u0437\u043e\u0432 \u043e\u0442 \u0437\u0430\u0433\u0440\u044f\u0437\u043d\u0435\u043d\u0438\u0439 \u043f\u0440\u0438 \u043f\u043e\u043c\u043e\u0449\u0438 Bitum (BT) \u0438 Iron (IR). 2. \u041e\u0442\u0434\u0435\u043b\u0438\u0442\u0435 1\/4 \u0433\u043b\u0438\u043d\u044b \u043e\u0442 \u043e\u0441\u043d\u043e\u0432\u043d\u043e\u0439 \u043c\u0430\u0441\u0441\u044b. 3. \u0420\u0430\u0437\u043e\u043c\u043d\u0438\u0442\u0435 \u0433\u043b\u0438\u043d\u0443, \u043f\u0440\u0435\u0434\u0432\u0430\u0440\u0438\u0442\u0435\u043b\u044c\u043d\u043e \u0441\u043c\u043e\u0447\u0438\u0432 \u0435\u0435 \u0441\u043e\u0441\u0442\u0430\u0432\u043e\u043c Lubricant (LU). 4. \u041d\u0430\u043d\u0435\u0441\u0438\u0442\u0435 Lubricant (LU) \u043d\u0430 \u0443\u0447\u0430\u0441\u0442\u043e\u043a \u041b\u041a\u041f \u0430\u0432\u0442\u043e\u043c\u043e\u0431\u0438\u043b\u044f \u0440\u0430\u0437\u043c\u0435\u0440\u043e\u043c 40\u044540\u0441\u043c. 5. \u0421\u0434\u0435\u043b\u0430\u0439\u0442\u0435 \u043e\u0447\u0438\u0441\u0442\u043a\u0443 \u043e\u0431\u0440\u0430\u0431\u043e\u0442\u0430\u043d\u043d\u043e\u0433\u043e \u0443\u0447\u0430\u0441\u0442\u043a\u0430 \u041b\u041a\u041f \u0430\u0432\u0442\u043e\u043c\u043e\u0431\u0438\u043b\u044f \u0441\u0438\u043d\u0442\u0435\u0442\u0438\u0447\u0435\u0441\u043a\u043e\u0439 \u0433\u043b\u0438\u043d\u043e\u0439 Clay (CL). 6. \u041e\u0431\u0440\u0430\u0431\u043e\u0442\u0430\u0432 \u043e\u0434\u043d\u0443 \u0434\u0435\u0442\u0430\u043b\u044c, \u043f\u0435\u0440\u0435\u043c\u043d\u0438\u0442\u0435 \u0433\u043b\u0438\u043d\u0443 \u0432\u043e\u0432\u043d\u0443\u0442\u0440\u044c.<\/p>\n<\/div>\n<\/div>\n<\/div>\n<\/div>\n<div class=\"mt-3 w-full empty:hidden\">\n<div class=\"text-center\"><\/div>\n<\/div>\n<\/div>\n<div class=\"absolute\">\n<div class=\"flex items-center justify-center\"><\/div>\n<\/div>\n<\/div>\n<\/div>\n<\/div>\n<\/article>\n<div class=\"pointer-events-none h-px w-px\" aria-hidden=\"true\" data-edge=\"true\"><\/div>\n","protected":false},"excerpt":{"rendered":"<p>Puhastusclayt kasutatakse autov\u00e4rvi (LKV) puhastamiseks enne poleerimist. Samuti saab seda kasutada kohapealseks puhastamiseks punktikujuliste saasteainete eemaldamiseks, samuti tuuleklaaside t\u00f6\u00f6tlemiseks. Clay eemaldab kergesti pindadelt erinevad saasteained: bituumeni, vaik, teede t\u00e4histuste v\u00e4rvi jne.<\/p>\n","protected":false},"featured_media":9128,"comment_status":"open","ping_status":"closed","template":"","meta":[],"product_brand":[],"product_cat":[532],"product_tag":[],"class_list":{"0":"post-10487","1":"product","2":"type-product","3":"status-publish","4":"has-post-thumbnail","6":"product_cat-532","8":"first","9":"instock","10":"taxable","11":"shipping-taxable","12":"purchasable","13":"product-type-simple"},"jetpack_sharing_enabled":true,"_links":{"self":[{"href":"https:\/\/grasseesti.ee\/ru\/wp-json\/wp\/v2\/product\/10487","targetHints":{"allow":["GET"]}}],"collection":[{"href":"https:\/\/grasseesti.ee\/ru\/wp-json\/wp\/v2\/product"}],"about":[{"href":"https:\/\/grasseesti.ee\/ru\/wp-json\/wp\/v2\/types\/product"}],"replies":[{"embeddable":true,"href":"https:\/\/grasseesti.ee\/ru\/wp-json\/wp\/v2\/comments?post=10487"}],"wp:featuredmedia":[{"embeddable":true,"href":"https:\/\/grasseesti.ee\/ru\/wp-json\/wp\/v2\/media\/9128"}],"wp:attachment":[{"href":"https:\/\/grasseesti.ee\/ru\/wp-json\/wp\/v2\/media?parent=10487"}],"wp:term":[{"taxonomy":"product_brand","embeddable":true,"href":"https:\/\/grasseesti.ee\/ru\/wp-json\/wp\/v2\/product_brand?post=10487"},{"taxonomy":"product_cat","embeddable":true,"href":"https:\/\/grasseesti.ee\/ru\/wp-json\/wp\/v2\/product_cat?post=10487"},{"taxonomy":"product_tag","embeddable":true,"href":"https:\/\/grasseesti.ee\/ru\/wp-json\/wp\/v2\/product_tag?post=10487"}],"curies":[{"name":"wp","href":"https:\/\/api.w.org\/{rel}","templated":true}]}}